{"id":934,"date":"2021-04-22T08:28:39","date_gmt":"2021-04-22T06:28:39","guid":{"rendered":"https:\/\/www.smmontrougett.fr\/?page_id=934"},"modified":"2021-04-22T08:28:39","modified_gmt":"2021-04-22T06:28:39","slug":"partenaires","status":"publish","type":"page","link":"https:\/\/www.smmontrougett.fr\/index.php\/partenaires\/","title":{"rendered":"Partenaires"},"content":{"rendered":"\n<figure class=\"wp-block-image\"><img decoding=\"async\" src=\"http:\/\/smmontrougett.e-monsite.com\/medias\/images\/logo-cdtt92.jpg\" alt=\"Comit\u00e9 d\u00e9partemental des Hauts de Seine\"\/><\/figure>\n\n\n\n<h2 class=\"wp-block-heading\"><a href=\"http:\/\/www.ping92.com\" target=\"_blank\" rel=\"noreferrer noopener\">Comit\u00e9 d\u00e9partemental des Hauts de Seine<\/a><\/h2>\n\n\n\n<p>tous les renseignement sur les \u00e9preuves organis\u00e9es par le CDTT 92<\/p>\n\n\n\n<figure class=\"wp-block-image\"><img decoding=\"async\" src=\"http:\/\/smmontrougett.e-monsite.com\/medias\/images\/logo-ligue-2--1.jpg\" alt=\"Ligue ile de France tennis de table\"\/><\/figure>\n\n\n\n<h2 class=\"wp-block-heading\"><a href=\"http:\/\/www.fftt-idf.com\" target=\"_blank\" rel=\"noreferrer noopener\">Ligue ile de France tennis de table<\/a><\/h2>\n\n\n\n<p>tous les renseignement sur les \u00e9preuves organis\u00e9es par la ligue r\u00e9gionale<\/p>\n\n\n\n<figure class=\"wp-block-image\"><img decoding=\"async\" src=\"http:\/\/smmontrougett.e-monsite.com\/medias\/images\/fftt-3c-texte-75-t.gif\" alt=\"F\u00e9d\u00e9ration Fran\u00e7aise tennis de table\"\/><\/figure>\n\n\n\n<h2 class=\"wp-block-heading\"><a href=\"http:\/\/www.fftt.com\" target=\"_blank\" rel=\"noreferrer noopener\">F\u00e9d\u00e9ration Fran\u00e7aise tennis de table<\/a><\/h2>\n\n\n\n<p>toutes les informations sur le haut niveau, votre classement et plein d&rsquo;autres choses<\/p>\n\n\n\n<figure class=\"wp-block-image\"><img decoding=\"async\" src=\"http:\/\/www.smmontrougett.fr\/medias\/images\/magasin-friendship-sport.jpg\" alt=\"Frienship sports\"\/><\/figure>\n\n\n\n<h2 class=\"wp-block-heading\"><a href=\"http:\/\/theo384.free.fr\/\" target=\"_blank\" rel=\"noreferrer noopener\">Frienship sports<\/a><\/h2>\n\n\n\n<p>6 rue du Moulinet 75013 PARIS Tout le mat\u00e9riel concernant le tennis de table<\/p>\n","protected":false},"excerpt":{"rendered":"<p>Comit\u00e9 d\u00e9partemental des Hauts de Seine tous les renseignement sur les \u00e9preuves organis\u00e9es par le CDTT 92 Ligue ile de France tennis de table tous les renseignement sur les \u00e9preuves&hellip; <br \/> <a class=\"button small blue\" href=\"https:\/\/www.smmontrougett.fr\/index.php\/partenaires\/\">Lire la suite<\/a><\/p>\n","protected":false},"author":1,"featured_media":0,"parent":0,"menu_order":0,"comment_status":"closed","ping_status":"closed","template":"","meta":{"_EventAllDay":false,"_EventTimezone":"","_EventStartDate":"","_EventEndDate":"","_EventStartDateUTC":"","_EventEndDateUTC":"","_EventShowMap":false,"_EventShowMapLink":false,"_EventURL":"","_EventCost":"","_EventCostDescription":"","_EventCurrencySymbol":"","_EventCurrencyCode":"","_EventCurrencyPosition":"","_EventDateTimeSeparator":"","_EventTimeRangeSeparator":"","_EventOrganizerID":[],"_EventVenueID":[],"_OrganizerEmail":"","_OrganizerPhone":"","_OrganizerWebsite":"","_VenueAddress":"","_VenueCity":"","_VenueCountry":"","_VenueProvince":"","_VenueState":"","_VenueZip":"","_VenuePhone":"","_VenueURL":"","_VenueStateProvince":"","_VenueLat":"","_VenueLng":"","_VenueShowMap":false,"_VenueShowMapLink":false,"footnotes":""},"class_list":["post-934","page","type-page","status-publish","hentry"],"jetpack_sharing_enabled":true,"_links":{"self":[{"href":"https:\/\/www.smmontrougett.fr\/index.php\/wp-json\/wp\/v2\/pages\/934","targetHints":{"allow":["GET"]}}],"collection":[{"href":"https:\/\/www.smmontrougett.fr\/index.php\/wp-json\/wp\/v2\/pages"}],"about":[{"href":"https:\/\/www.smmontrougett.fr\/index.php\/wp-json\/wp\/v2\/types\/page"}],"author":[{"embeddable":true,"href":"https:\/\/www.smmontrougett.fr\/index.php\/wp-json\/wp\/v2\/users\/1"}],"replies":[{"embeddable":true,"href":"https:\/\/www.smmontrougett.fr\/index.php\/wp-json\/wp\/v2\/comments?post=934"}],"version-history":[{"count":1,"href":"https:\/\/www.smmontrougett.fr\/index.php\/wp-json\/wp\/v2\/pages\/934\/revisions"}],"predecessor-version":[{"id":937,"href":"https:\/\/www.smmontrougett.fr\/index.php\/wp-json\/wp\/v2\/pages\/934\/revisions\/937"}],"wp:attachment":[{"href":"https:\/\/www.smmontrougett.fr\/index.php\/wp-json\/wp\/v2\/media?parent=934"}],"curies":[{"name":"wp","href":"https:\/\/api.w.org\/{rel}","templated":true}]}}