{"id":832,"date":"2021-04-22T08:06:41","date_gmt":"2021-04-22T06:06:41","guid":{"rendered":"https:\/\/www.smmontrougett.fr\/?page_id=832"},"modified":"2026-02-10T13:41:27","modified_gmt":"2026-02-10T12:41:27","slug":"adherer-au-club","status":"publish","type":"page","link":"https:\/\/www.smmontrougett.fr\/index.php\/adherer-au-club\/","title":{"rendered":"Adh\u00e9rer au club 2025-2026"},"content":{"rendered":"\n<p class=\"has-text-align-center\"><strong><mark style=\"background-color:#cf2e2e\" class=\"has-inline-color has-white-color\">Attention, tous nos groupes jeunes sont complets, pour l&rsquo;instant nous n&rsquo;avons plus de places de disponibles<\/mark><\/strong><\/p>\n\n\n\n<p class=\"has-text-align-center\"><strong><mark style=\"background-color:#cf2e2e\" class=\"has-inline-color has-white-color\">Pour les adultes, encore quelques places, niveau plus de 900, entra\u00eenement lundi de 20h30 \u00e0 22h00. Nous proposons encore des places en jeu libre semaine + week-end ou juste week-end, voir directement avec un membre du bureau \u00e0 notre salle<\/mark><\/strong><\/p>\n\n\n\n<p><strong>L&rsquo;ouverture se fera \u00e0 partir du 16 juin 2025 pour les anciens adh\u00e9rents et \u00e0 partir du 16 ao\u00fbt 2025 pour les nouveaux adh\u00e9rents<\/strong>. <strong>Cette ann\u00e9e, les places seront limit\u00e9es sur les cr\u00e9neaux d&rsquo;entrainement et il sera difficile de changer par la suite, il est donc conseill\u00e9 de choisir le bon du premier coup.<\/strong><\/p>\n\n\n\n<p><strong>Un seul cr\u00e9neau d&rsquo;entrainement par adh\u00e9sion<\/strong><\/p>\n\n\n\n<p>Pour cela, vous devez bien remplir le formulaire et vous devez joindre les documents demand\u00e9s. (ils peuvent \u00eatre diff\u00e9rents en fonction de votre \u00e2ge, de votre lieux d&rsquo;habitation ou de la date votre ancien certificat m\u00e9dical)<\/p>\n\n\n\n<p>Pour nos anciens adh\u00e9rents il est possible de fournir un auto questionnaire de sant\u00e9 puisque la FFTT a \u00e9tendu celui-ci \u00e0 5 ans maintenant au lieu de 3 ans, bien s\u00fbr, le certificat m\u00e9dical reste valable \u00e9galement.<\/p>\n\n\n\n<p>Vous trouverez ci-dessous, les liens pour les t\u00e9l\u00e9chargements des attestations de sant\u00e9 \u00e0 remplir pour les mineurs et les majeures.<\/p>\n\n\n\n<p><a href=\"https:\/\/www.smmontrougett.fr\/wp-content\/uploads\/2025\/06\/25-10-1-autoquestionnaire-medical-majeur.pdf\">https:\/\/www.smmontrougett.fr\/wp-content\/uploads\/2025\/06\/25-10-1-autoquestionnaire-medical-majeur.pdf<\/a><\/p>\n\n\n\n<p><a href=\"https:\/\/www.smmontrougett.fr\/wp-content\/uploads\/2025\/06\/25-10-2-autoquestionnaire-medical-mineur.pdf\">https:\/\/www.smmontrougett.fr\/wp-content\/uploads\/2025\/06\/25-10-2-autoquestionnaire-medical-mineur.pdf<\/a><\/p>\n\n\n\n<p><a href=\"https:\/\/www.smmontrougett.fr\/wp-content\/uploads\/2025\/06\/25-10-3-licence-decouverte.pdf\">https:\/\/www.smmontrougett.fr\/wp-content\/uploads\/2025\/06\/25-10-3-licence-decouverte.pdf<\/a><\/p>\n\n\n\n<p>Une fois votre pr\u00e9inscription remplie, la section v\u00e9rifie vos documents et si le dossier est complet, vous recevrez un lien vous invitant \u00e0 r\u00e9gler le montant de votre cotisation en ligne par carte bancaire. Si vous souhaitez payer par un autre moyen de paiement alors il faudra vous rendre au secr\u00e9tariat g\u00e9n\u00e9ral du SMM situ\u00e9 au 105 rue Maurice Arnoux 92120 Montrouge. Il sera \u00e9galement possible de payer partiellement votre cotisation par carte bancaire au SMM.<\/p>\n\n\n\n<p><strong>Le paiement devra \u00eatre fait dans les 7&nbsp;jours ouvr\u00e9s qui suivent la r\u00e9ception du mail de validation&nbsp;sinon l&rsquo;adh\u00e9sion sera annul\u00e9e<\/strong> <strong>et votre place sera remise \u00e0 disposition.<\/strong><br><em>Attention&nbsp;si vous r\u00e9glez par carte bancaire (possibilit\u00e9 de payer en 4 fois) alors&nbsp;un pourboire vous sera propos\u00e9.&nbsp;Vous pourrez modifier le montant entre&nbsp;0\u20ac et&nbsp;25\u20ac<\/em><\/p>\n\n\n\n<p>Pour les personnes n&rsquo;ayant pas la possibilit\u00e9 de faire cette d\u00e9marche en ligne, vous pouvez vous rapprocher du secr\u00e9tariat du SMM ou contacter la section en envoyant un mail \u00e0 l&rsquo;adresse suivante: tresorier.smm.tt@gmail.com<\/p>\n\n\n\n<p>Pour effectuer votre inscription en ligne, veuillez utiliser le lien ci-dessous<\/p>\n\n\n\n<p><a href=\"https:\/\/smm-tennis-de-table.assoconnect.com\/collect\/description\/570183-q-adhesions-tennis-de-table-saison-2025-2026\">https:\/\/smm-tennis-de-table.assoconnect.com\/collect\/description\/570183-q-adhesions-tennis-de-table-saison-2025-2026<\/a><\/p>\n\n\n\n<p><\/p>\n\n\n\n<p><strong><u>les horaires d&rsquo;entrainements et d&rsquo;ouvertures en jeu libre<\/u><\/strong><\/p>\n\n\n\n<p>Lundi comp\u00e9titeurs adultes de 19h00 \u00e0 22h00 (1er entrainement dirig\u00e9 de 19h00 \u00e0 20h30 puis 2\u00e8me entrainement de 20h30 \u00e0 22H00 selon niveau)<\/p>\n\n\n\n<p>Mardi et vendredi entrainements jeunes de 17h15 \u00e0 18h45 (d\u00e9butants), 18h45 \u00e0 20h15 (confirm\u00e9s)<\/p>\n\n\n\n<p>Mercredi entrainement Loisir adultes de 19h00 \u00e0 20h30 ( avec entraineur qualifi\u00e9 ) puis entra\u00eenement comp\u00e9tition de 20h30 \u00e0 22h00<\/p>\n\n\n\n<p>Jeudi de 12h00 \u00e0 14h00 jeu libre<\/p>\n\n\n\n<p>Jeudi de 19h00 \u00e0 22h30 Jeu libre possible sauf si match de D3 \u00e0 domicile<\/p>\n\n\n\n<p>Samedi de 13h00 \u00e0 19h00 acc\u00e8s \u00e0 la salle en jeu libre pour les adh\u00e9rents ayant une cotisation&nbsp;dans la section&nbsp;(sauf les jours de comp\u00e9tition et sous r\u00e9serve qu&rsquo;un adh\u00e9rent&nbsp;habilit\u00e9&nbsp;ouvre la salle)<\/p>\n\n\n\n<p>Dimanche de 08h00 \u00e0 19h00 acc\u00e8s \u00e0 la salle en jeu libre pour les adh\u00e9rents ayant une cotisation dans la section (sauf les jours comp\u00e9tition et sous r\u00e9serve qu&rsquo;un adh\u00e9rent&nbsp;habilit\u00e9 ouvre la salle)<\/p>\n\n\n\n<ul class=\"wp-block-list\">\n<li><em>Les acc\u00e8s en jeu libre \u00e0 notre salle n\u00e9cessite qu&rsquo;une personne habilit\u00e9e ouvre la salle<\/em>. <em>Si vous souhaitez pouvoir ouvrir la salle, il faut valider cette option sur votre dossier d&rsquo;<\/em>inscription<\/li>\n<\/ul>\n\n\n\n<p><strong>Cotisations 2025-2026:<\/strong><\/p>\n\n\n\n<p>Jeunes Montrougiens sans comp\u00e9tition (- de 18 ans) : 165&nbsp;\u20ac<\/p>\n\n\n\n<p>Jeunes Montrougiens avec comp\u00e9tition en \u00e9quipe: 177 \u20ac<\/p>\n\n\n\n<p>Jeunes non Montrougiens sans comp\u00e9tition (- de 18 ans) : 218&nbsp;\u20ac<\/p>\n\n\n\n<p>Jeunes non Montrougiens avec comp\u00e9tition en \u00e9quipe (- de 18 ans) : 228 \u20ac<\/p>\n\n\n\n<p>Adultes Montrougiens avec ou sans  comp\u00e9tition en \u00e9quipe: 215 \u20ac<\/p>\n\n\n\n<p>Adultes non Montrougiens avec ou sans comp\u00e9tition en \u00e9quipe: 275 \u20ac<\/p>\n\n\n\n<p>Weekend uniquement jeu libre (samedi et dimanche)&nbsp;: 150 \u20ac<\/p>\n\n\n\n<p><strong>Tarif comp\u00e9tition individuelle 2025-2026:<\/strong><\/p>\n\n\n\n<p>Vous avez la possibilit\u00e9 de vous inscrire au crit\u00e9rium individuel lors de votre inscription, pour les autres comp\u00e9titions individuelles, vous pouvez vous adresser aux membres du bureau si l&rsquo;inscription doit pass\u00e9e par la section.<\/p>\n\n\n\n<p>La section fera les inscriptions une fois que celles-ci seront r\u00e9gl\u00e9es<\/p>\n\n\n\n<p><\/p>\n\n\n\n<p><strong><em>Pour les adh\u00e9rents souhaitant faire de la comp\u00e9tition par \u00e9quipe, il est recommand\u00e9 de vous inscrire d\u00e8s que possible et avant d\u00e9but septembre car la section engagera un nombre d&rsquo;\u00e9quipes en fonction du nombre de comp\u00e9titeurs inscrits <\/em><\/strong><\/p>\n\n\n\n<p><\/p>\n\n\n\n<hr class=\"wp-block-separator has-text-color has-light-green-cyan-color has-css-opacity has-light-green-cyan-background-color has-background is-style-wide\"\/>\n","protected":false},"excerpt":{"rendered":"<p>Attention, tous nos groupes jeunes sont complets, pour l&rsquo;instant nous n&rsquo;avons plus de places de disponibles Pour les adultes, encore quelques places, niveau plus de 900, entra\u00eenement lundi de 20h30&hellip; <br \/> <a class=\"button small blue\" href=\"https:\/\/www.smmontrougett.fr\/index.php\/adherer-au-club\/\">Lire la suite<\/a><\/p>\n","protected":false},"author":4,"featured_media":0,"parent":0,"menu_order":0,"comment_status":"closed","ping_status":"closed","template":"","meta":{"_EventAllDay":false,"_EventTimezone":"","_EventStartDate":"","_EventEndDate":"","_EventStartDateUTC":"","_EventEndDateUTC":"","_EventShowMap":false,"_EventShowMapLink":false,"_EventURL":"","_EventCost":"","_EventCostDescription":"","_EventCurrencySymbol":"","_EventCurrencyCode":"","_EventCurrencyPosition":"","_EventDateTimeSeparator":"","_EventTimeRangeSeparator":"","_EventOrganizerID":[],"_EventVenueID":[],"_OrganizerEmail":"","_OrganizerPhone":"","_OrganizerWebsite":"","_VenueAddress":"","_VenueCity":"","_VenueCountry":"","_VenueProvince":"","_VenueState":"","_VenueZip":"","_VenuePhone":"","_VenueURL":"","_VenueStateProvince":"","_VenueLat":"","_VenueLng":"","_VenueShowMap":false,"_VenueShowMapLink":false,"footnotes":""},"class_list":["post-832","page","type-page","status-publish","hentry"],"jetpack_sharing_enabled":true,"_links":{"self":[{"href":"https:\/\/www.smmontrougett.fr\/index.php\/wp-json\/wp\/v2\/pages\/832","targetHints":{"allow":["GET"]}}],"collection":[{"href":"https:\/\/www.smmontrougett.fr\/index.php\/wp-json\/wp\/v2\/pages"}],"about":[{"href":"https:\/\/www.smmontrougett.fr\/index.php\/wp-json\/wp\/v2\/types\/page"}],"author":[{"embeddable":true,"href":"https:\/\/www.smmontrougett.fr\/index.php\/wp-json\/wp\/v2\/users\/4"}],"replies":[{"embeddable":true,"href":"https:\/\/www.smmontrougett.fr\/index.php\/wp-json\/wp\/v2\/comments?post=832"}],"version-history":[{"count":43,"href":"https:\/\/www.smmontrougett.fr\/index.php\/wp-json\/wp\/v2\/pages\/832\/revisions"}],"predecessor-version":[{"id":16867,"href":"https:\/\/www.smmontrougett.fr\/index.php\/wp-json\/wp\/v2\/pages\/832\/revisions\/16867"}],"wp:attachment":[{"href":"https:\/\/www.smmontrougett.fr\/index.php\/wp-json\/wp\/v2\/media?parent=832"}],"curies":[{"name":"wp","href":"https:\/\/api.w.org\/{rel}","templated":true}]}}