{"id":745,"date":"2021-04-21T22:52:32","date_gmt":"2021-04-21T20:52:32","guid":{"rendered":"https:\/\/www.smmontrougett.fr\/?page_id=745"},"modified":"2023-07-09T20:03:41","modified_gmt":"2023-07-09T18:03:41","slug":"membres-du-bureau","status":"publish","type":"page","link":"https:\/\/www.smmontrougett.fr\/index.php\/membres-du-bureau\/","title":{"rendered":"Membres du bureau"},"content":{"rendered":"\n<hr class=\"wp-block-separator is-style-wide\"\/>\n\n\n\n<p><\/p>\n\n\n\n<div class=\"wp-block-media-text alignwide is-stacked-on-mobile\" style=\"grid-template-columns:15% auto\"><figure class=\"wp-block-media-text__media\"><img loading=\"lazy\" decoding=\"async\" width=\"474\" height=\"474\" src=\"https:\/\/www.smmontrougett.fr\/wp-content\/uploads\/2021\/10\/d461191a7c1d1219199fd9daa87f1e8e-character-design-pingpong.jpg\" alt=\"\" class=\"wp-image-2451 size-full\" srcset=\"https:\/\/www.smmontrougett.fr\/wp-content\/uploads\/2021\/10\/d461191a7c1d1219199fd9daa87f1e8e-character-design-pingpong.jpg 474w, https:\/\/www.smmontrougett.fr\/wp-content\/uploads\/2021\/10\/d461191a7c1d1219199fd9daa87f1e8e-character-design-pingpong-300x300.jpg 300w, https:\/\/www.smmontrougett.fr\/wp-content\/uploads\/2021\/10\/d461191a7c1d1219199fd9daa87f1e8e-character-design-pingpong-150x150.jpg 150w\" sizes=\"auto, (max-width: 474px) 100vw, 474px\" \/><\/figure><div class=\"wp-block-media-text__content\">\n<p class=\"has-drop-cap has-vivid-green-cyan-color has-text-color has-medium-font-size\"><strong>Quoc Tien LONG<\/strong><\/p>\n\n\n\n<p class=\"has-black-color has-text-color has-medium-font-size\"><strong>Pr\u00e9sident<\/strong><\/p>\n\n\n\n<p style=\"font-size:19px\">Email : quoctienlong.pro@gmail.com<br><\/p>\n\n\n\n<p><\/p>\n<\/div><\/div>\n\n\n\n<hr class=\"wp-block-separator is-style-wide\"\/>\n\n\n\n<div class=\"wp-block-media-text alignwide is-stacked-on-mobile\" style=\"grid-template-columns:15% auto\"><figure class=\"wp-block-media-text__media\"><img loading=\"lazy\" decoding=\"async\" width=\"187\" height=\"187\" src=\"https:\/\/www.smmontrougett.fr\/wp-content\/uploads\/2021\/10\/thier.jpg\" alt=\"\" class=\"wp-image-2511 size-full\" srcset=\"https:\/\/www.smmontrougett.fr\/wp-content\/uploads\/2021\/10\/thier.jpg 187w, https:\/\/www.smmontrougett.fr\/wp-content\/uploads\/2021\/10\/thier-150x150.jpg 150w\" sizes=\"auto, (max-width: 187px) 100vw, 187px\" \/><\/figure><div class=\"wp-block-media-text__content\">\n<p class=\"has-drop-cap has-luminous-vivid-orange-color has-text-color has-medium-font-size\"><strong>Thierry ROBIN<\/strong><\/p>\n\n\n\n<p class=\"has-black-color has-text-color has-medium-font-size\"><strong>Tr\u00e9sorier<\/strong><\/p>\n\n\n\n<p style=\"font-size:19px\">Email : tresorier.smm.tt@gmail.com<br><\/p>\n\n\n\n<p><\/p>\n<\/div><\/div>\n\n\n\n<hr class=\"wp-block-separator is-style-wide\"\/>\n\n\n\n<div class=\"wp-block-media-text alignwide is-stacked-on-mobile\" style=\"grid-template-columns:15% auto\"><figure class=\"wp-block-media-text__media\"><img loading=\"lazy\" decoding=\"async\" width=\"512\" height=\"512\" src=\"https:\/\/www.smmontrougett.fr\/wp-content\/uploads\/2021\/10\/147227.png\" alt=\"\" class=\"wp-image-2397 size-full\" srcset=\"https:\/\/www.smmontrougett.fr\/wp-content\/uploads\/2021\/10\/147227.png 512w, https:\/\/www.smmontrougett.fr\/wp-content\/uploads\/2021\/10\/147227-300x300.png 300w, https:\/\/www.smmontrougett.fr\/wp-content\/uploads\/2021\/10\/147227-150x150.png 150w\" sizes=\"auto, (max-width: 512px) 100vw, 512px\" \/><\/figure><div class=\"wp-block-media-text__content\">\n<p class=\"has-drop-cap has-luminous-vivid-amber-color has-text-color has-medium-font-size\"><strong>Nicolas OBAM<\/strong><\/p>\n\n\n\n<p class=\"has-black-color has-text-color has-medium-font-size\"><strong>Secr\u00e9taire<\/strong><\/p>\n\n\n\n<p style=\"font-size:19px\">Email : nicolas.obam@gmail.com<br><\/p>\n\n\n\n<p><\/p>\n<\/div><\/div>\n\n\n\n<hr class=\"wp-block-separator is-style-wide\"\/>\n\n\n\n<p><\/p>\n","protected":false},"excerpt":{"rendered":"<p>Quoc Tien LONG Pr\u00e9sident Email : quoctienlong.pro@gmail.com Thierry ROBIN Tr\u00e9sorier Email : tresorier.smm.tt@gmail.com Nicolas OBAM Secr\u00e9taire Email : nicolas.obam@gmail.com<\/p>\n","protected":false},"author":1,"featured_media":0,"parent":0,"menu_order":0,"comment_status":"closed","ping_status":"closed","template":"","meta":{"_EventAllDay":false,"_EventTimezone":"","_EventStartDate":"","_EventEndDate":"","_EventStartDateUTC":"","_EventEndDateUTC":"","_EventShowMap":false,"_EventShowMapLink":false,"_EventURL":"","_EventCost":"","_EventCostDescription":"","_EventCurrencySymbol":"","_EventCurrencyCode":"","_EventCurrencyPosition":"","_EventDateTimeSeparator":"","_EventTimeRangeSeparator":"","_EventOrganizerID":[],"_EventVenueID":[],"_OrganizerEmail":"","_OrganizerPhone":"","_OrganizerWebsite":"","_VenueAddress":"","_VenueCity":"","_VenueCountry":"","_VenueProvince":"","_VenueState":"","_VenueZip":"","_VenuePhone":"","_VenueURL":"","_VenueStateProvince":"","_VenueLat":"","_VenueLng":"","_VenueShowMap":false,"_VenueShowMapLink":false,"footnotes":""},"class_list":["post-745","page","type-page","status-publish","hentry"],"jetpack_sharing_enabled":true,"_links":{"self":[{"href":"https:\/\/www.smmontrougett.fr\/index.php\/wp-json\/wp\/v2\/pages\/745","targetHints":{"allow":["GET"]}}],"collection":[{"href":"https:\/\/www.smmontrougett.fr\/index.php\/wp-json\/wp\/v2\/pages"}],"about":[{"href":"https:\/\/www.smmontrougett.fr\/index.php\/wp-json\/wp\/v2\/types\/page"}],"author":[{"embeddable":true,"href":"https:\/\/www.smmontrougett.fr\/index.php\/wp-json\/wp\/v2\/users\/1"}],"replies":[{"embeddable":true,"href":"https:\/\/www.smmontrougett.fr\/index.php\/wp-json\/wp\/v2\/comments?post=745"}],"version-history":[{"count":15,"href":"https:\/\/www.smmontrougett.fr\/index.php\/wp-json\/wp\/v2\/pages\/745\/revisions"}],"predecessor-version":[{"id":10258,"href":"https:\/\/www.smmontrougett.fr\/index.php\/wp-json\/wp\/v2\/pages\/745\/revisions\/10258"}],"wp:attachment":[{"href":"https:\/\/www.smmontrougett.fr\/index.php\/wp-json\/wp\/v2\/media?parent=745"}],"curies":[{"name":"wp","href":"https:\/\/api.w.org\/{rel}","templated":true}]}}