{"id":16463,"date":"2025-12-08T13:55:45","date_gmt":"2025-12-08T12:55:45","guid":{"rendered":"https:\/\/www.smmontrougett.fr\/?page_id=16463"},"modified":"2025-12-22T13:35:45","modified_gmt":"2025-12-22T12:35:45","slug":"eventements-club","status":"publish","type":"page","link":"https:\/\/www.smmontrougett.fr\/index.php\/eventements-club\/","title":{"rendered":"\u00c9ventements Club"},"content":{"rendered":"\n<p><em><strong>Les prochains \u00e9v\u00e9nements seront en 2026 mais ils ne sont pas encore programm\u00e9s <\/strong><\/em><\/p>\n\n\n\n<p><\/p>\n","protected":false},"excerpt":{"rendered":"<p>Les prochains \u00e9v\u00e9nements seront en 2026 mais ils ne sont pas encore programm\u00e9s<\/p>\n","protected":false},"author":4,"featured_media":0,"parent":0,"menu_order":0,"comment_status":"closed","ping_status":"closed","template":"","meta":{"_EventAllDay":false,"_EventTimezone":"","_EventStartDate":"","_EventEndDate":"","_EventStartDateUTC":"","_EventEndDateUTC":"","_EventShowMap":false,"_EventShowMapLink":false,"_EventURL":"","_EventCost":"","_EventCostDescription":"","_EventCurrencySymbol":"","_EventCurrencyCode":"","_EventCurrencyPosition":"","_EventDateTimeSeparator":"","_EventTimeRangeSeparator":"","_EventOrganizerID":[],"_EventVenueID":[],"_OrganizerEmail":"","_OrganizerPhone":"","_OrganizerWebsite":"","_VenueAddress":"","_VenueCity":"","_VenueCountry":"","_VenueProvince":"","_VenueState":"","_VenueZip":"","_VenuePhone":"","_VenueURL":"","_VenueStateProvince":"","_VenueLat":"","_VenueLng":"","_VenueShowMap":false,"_VenueShowMapLink":false,"footnotes":""},"class_list":["post-16463","page","type-page","status-publish","hentry"],"jetpack_sharing_enabled":true,"_links":{"self":[{"href":"https:\/\/www.smmontrougett.fr\/index.php\/wp-json\/wp\/v2\/pages\/16463","targetHints":{"allow":["GET"]}}],"collection":[{"href":"https:\/\/www.smmontrougett.fr\/index.php\/wp-json\/wp\/v2\/pages"}],"about":[{"href":"https:\/\/www.smmontrougett.fr\/index.php\/wp-json\/wp\/v2\/types\/page"}],"author":[{"embeddable":true,"href":"https:\/\/www.smmontrougett.fr\/index.php\/wp-json\/wp\/v2\/users\/4"}],"replies":[{"embeddable":true,"href":"https:\/\/www.smmontrougett.fr\/index.php\/wp-json\/wp\/v2\/comments?post=16463"}],"version-history":[{"count":5,"href":"https:\/\/www.smmontrougett.fr\/index.php\/wp-json\/wp\/v2\/pages\/16463\/revisions"}],"predecessor-version":[{"id":16574,"href":"https:\/\/www.smmontrougett.fr\/index.php\/wp-json\/wp\/v2\/pages\/16463\/revisions\/16574"}],"wp:attachment":[{"href":"https:\/\/www.smmontrougett.fr\/index.php\/wp-json\/wp\/v2\/media?parent=16463"}],"curies":[{"name":"wp","href":"https:\/\/api.w.org\/{rel}","templated":true}]}}