{"id":13,"date":"2021-04-18T17:48:17","date_gmt":"2021-04-18T15:48:17","guid":{"rendered":"https:\/\/www.smmontrougett.fr\/?page_id=13"},"modified":"2026-04-07T17:26:10","modified_gmt":"2026-04-07T15:26:10","slug":"montrouge-tennis-de-table","status":"publish","type":"page","link":"https:\/\/www.smmontrougett.fr\/","title":{"rendered":""},"content":{"rendered":"\n<p><\/p>\n\n\n\n<div class=\"wp-block-nextend-smartslider3\"><\/div>\n\n\n\n<hr class=\"wp-block-separator has-css-opacity is-style-default\"\/>\n\n\n\n<figure class=\"wp-block-image size-large is-resized\"><img loading=\"lazy\" decoding=\"async\" width=\"1024\" height=\"126\" src=\"https:\/\/www.smmontrougett.fr\/wp-content\/uploads\/2022\/08\/line4-1024x126.png\" alt=\"\" class=\"wp-image-6357\" style=\"width:1269px;height:156px\" srcset=\"https:\/\/www.smmontrougett.fr\/wp-content\/uploads\/2022\/08\/line4-1024x126.png 1024w, https:\/\/www.smmontrougett.fr\/wp-content\/uploads\/2022\/08\/line4-300x37.png 300w, https:\/\/www.smmontrougett.fr\/wp-content\/uploads\/2022\/08\/line4-768x95.png 768w, https:\/\/www.smmontrougett.fr\/wp-content\/uploads\/2022\/08\/line4-1536x189.png 1536w, https:\/\/www.smmontrougett.fr\/wp-content\/uploads\/2022\/08\/line4-2048x253.png 2048w, https:\/\/www.smmontrougett.fr\/wp-content\/uploads\/2022\/08\/line4-1920x237.png 1920w\" sizes=\"auto, (max-width: 1024px) 100vw, 1024px\" \/><\/figure>\n\n\n<div class=\"ecs-no-events\">There are no upcoming \u00e9v\u00e8nements at this time.<\/div>\n\n<div class=\"wp-block-image\">\n<figure class=\"aligncenter size-large is-resized\"><img loading=\"lazy\" decoding=\"async\" width=\"1024\" height=\"145\" src=\"https:\/\/www.smmontrougett.fr\/wp-content\/uploads\/2022\/08\/line3-1024x145.jpg\" alt=\"\" class=\"wp-image-6264\" style=\"width:1030px;height:145px\" srcset=\"https:\/\/www.smmontrougett.fr\/wp-content\/uploads\/2022\/08\/line3-1024x145.jpg 1024w, https:\/\/www.smmontrougett.fr\/wp-content\/uploads\/2022\/08\/line3-300x43.jpg 300w, https:\/\/www.smmontrougett.fr\/wp-content\/uploads\/2022\/08\/line3-768x109.jpg 768w, https:\/\/www.smmontrougett.fr\/wp-content\/uploads\/2022\/08\/line3.jpg 1304w\" sizes=\"auto, (max-width: 1024px) 100vw, 1024px\" \/><\/figure><\/div>\n\n\n<div class=\"wp-block-columns alignwide is-style-twentytwentyone-columns-overlap is-layout-flex wp-container-core-columns-is-layout-9d6595d7 wp-block-columns-is-layout-flex\">\n<div class=\"wp-block-column is-vertically-aligned-top is-layout-flow wp-block-column-is-layout-flow\"><ul class=\"wp-block-latest-posts__list wp-block-latest-posts\"><li><a class=\"wp-block-latest-posts__post-title\" href=\"https:\/\/www.smmontrougett.fr\/index.php\/2026\/02\/23\/creneaux-douverture-premiere-semaine-des-vacances-23-fevrier-%e2%86%92-1er-mars\/\">Cr\u00e9neaux d\u2019ouverture \u2013 Premi\u00e8re semaine des vacances (23 f\u00e9vrier \u2192 1er mars)<\/a><div class=\"wp-block-latest-posts__post-full-content\"><!-- wp:heading -->\n<h2 class=\"wp-block-heading\">\ud83d\udce2 Information aux adh\u00e9rents<\/h2>\n<!-- \/wp:heading -->\n\n<!-- wp:paragraph -->\n<p>Suite \u00e0 la demande du bureau, la mairie de Montrouge a valid\u00e9 l\u2019ouverture de la salle de tennis de table sur les cr\u00e9neaux suivants :<\/p>\n<!-- \/wp:paragraph -->\n\n<!-- wp:paragraph {\"style\":{\"elements\":{\"link\":{\"color\":{\"text\":\"var:preset|color|white\"}}}},\"backgroundColor\":\"vivid-green-cyan\",\"textColor\":\"white\"} -->\n<p class=\"has-white-color has-vivid-green-cyan-background-color has-text-color has-background has-link-color\"><strong>Du lundi 23 f\u00e9vrier au dimanche 1er mars<\/strong><\/p>\n<!-- \/wp:paragraph -->\n\n<!-- wp:heading {\"level\":3} -->\n<h3 class=\"wp-block-heading\"><strong>Cr\u00e9neaux hebdomadaires maintenus<\/strong><\/h3>\n<!-- \/wp:heading -->\n\n<!-- wp:list -->\n<ul class=\"wp-block-list\"><!-- wp:list-item -->\n<li><strong>Lundi :<\/strong> 19h00 \u2013 22h00<\/li>\n<!-- \/wp:list-item -->\n\n<!-- wp:list-item -->\n<li><strong>Mardi :<\/strong> 19h00 \u2013 22h00<\/li>\n<!-- \/wp:list-item -->\n\n<!-- wp:list-item -->\n<li><strong>Mercredi :<\/strong> 19h00 \u2013 22h00<\/li>\n<!-- \/wp:list-item -->\n\n<!-- wp:list-item -->\n<li><strong>Jeudi :<\/strong> 19h00 \u2013 22h00<\/li>\n<!-- \/wp:list-item -->\n\n<!-- wp:list-item -->\n<li><strong>Vendredi :<\/strong> 19h00 \u2013 22h00<\/li>\n<!-- \/wp:list-item -->\n\n<!-- wp:list-item -->\n<li><strong>Samedi :<\/strong> 14h30 \u2013 19h00 <em>(retour des cl\u00e9s avant la fermeture du stade)<\/em><\/li>\n<!-- \/wp:list-item -->\n\n<!-- wp:list-item -->\n<li><strong>Dimanche :<\/strong> 14h30 \u2013 19h00 <em>(retour des cl\u00e9s avant la fermeture du stade)<\/em><\/li>\n<!-- \/wp:list-item --><\/ul>\n<!-- \/wp:list -->\n\n<!-- wp:heading {\"level\":4,\"style\":{\"elements\":{\"link\":{\"color\":{\"text\":\"var:preset|color|luminous-vivid-orange\"}}}},\"backgroundColor\":\"pale-cyan-blue\",\"textColor\":\"luminous-vivid-orange\"} -->\n<h4 class=\"wp-block-heading has-luminous-vivid-orange-color has-pale-cyan-blue-background-color has-text-color has-background has-link-color\"><strong>Stage vacances<\/strong><br>Un stage est \u00e9galement accord\u00e9 <strong>du lundi 23 au vendredi 27 f\u00e9vrier<\/strong>, de <strong>10h00 \u00e0 19h00<\/strong><\/h4>\n<!-- \/wp:heading -->\n\n<!-- wp:paragraph -->\n<p><\/p>\n<!-- \/wp:paragraph -->\n\n<!-- wp:paragraph -->\n<p><\/p>\n<!-- \/wp:paragraph --><\/div><\/li>\n<\/ul>\n\n\n<hr class=\"wp-block-separator has-text-color has-vivid-cyan-blue-color has-css-opacity has-vivid-cyan-blue-background-color has-background is-style-wide\"\/>\n\n\n\n<p><\/p>\n<\/div>\n<\/div>\n\n\n\n<div class=\"wp-block-columns are-vertically-aligned-center is-layout-flex wp-container-core-columns-is-layout-9d6595d7 wp-block-columns-is-layout-flex\">\n<div class=\"wp-block-column is-vertically-aligned-center is-layout-flow wp-block-column-is-layout-flow\" style=\"flex-basis:100%\"><ul class=\"wp-block-latest-posts__list is-grid columns-3 has-dates has-author aligncenter wp-block-latest-posts\"><li><a class=\"wp-block-latest-posts__post-title\" href=\"https:\/\/www.smmontrougett.fr\/index.php\/2026\/02\/23\/creneaux-douverture-premiere-semaine-des-vacances-23-fevrier-%e2%86%92-1er-mars\/\">Cr\u00e9neaux d\u2019ouverture \u2013 Premi\u00e8re semaine des vacances (23 f\u00e9vrier \u2192 1er mars)<\/a><div class=\"wp-block-latest-posts__post-author\">par Tien<\/div><time datetime=\"2026-02-23T10:49:32+01:00\" class=\"wp-block-latest-posts__post-date\">23 f\u00e9vrier 2026<\/time><div class=\"wp-block-latest-posts__post-excerpt\">\ud83d\udce2 Information aux adh\u00e9rents Suite \u00e0 la demande du bureau, la mairie de Montrouge a valid\u00e9 l\u2019ouverture de la salle de tennis de table sur les cr\u00e9neaux suivants : Du lundi 23 f\u00e9vrier au dimanche 1er mars Cr\u00e9neaux hebdomadaires maintenus Stage vacancesUn stage est \u00e9galement accord\u00e9 du lundi 23 au vendredi 27 f\u00e9vrier, de 10h00&hellip; <br> <a class=\"button small blue\" href=\"https:\/\/www.smmontrougett.fr\/index.php\/2026\/02\/23\/creneaux-douverture-premiere-semaine-des-vacances-23-fevrier-%e2%86%92-1er-mars\/\">Lire la suite<\/a><\/div><\/li>\n<li><a class=\"wp-block-latest-posts__post-title\" href=\"https:\/\/www.smmontrougett.fr\/index.php\/2026\/01\/19\/montrouge-women-pings-day-2026\/\">MONTROUGE &#8211; WOMEN PING\u2019S DAY &#8211; 2026<\/a><div class=\"wp-block-latest-posts__post-author\">par Tien<\/div><time datetime=\"2026-01-19T15:43:39+01:00\" class=\"wp-block-latest-posts__post-date\">19 janvier 2026<\/time><div class=\"wp-block-latest-posts__post-excerpt\">\ud83c\udf80\ud83c\udfd3 WOMEN PING\u2019S DAY \ud83c\udfd3\ud83c\udf80 Journ\u00e9e 100% f\u00e9minine \u2013 Montrouge \ud83d\udcc5 Samedi 7 f\u00e9vrier 2026&nbsp;&nbsp;&#8211; \ud83d\udd52 14h \u2013 19h&nbsp;&nbsp; \ud83d\udccd Club tennis de table Montrouge : 107 avenue Aristide Briand, 92120 MONTROUGE \ud83e\udd1d Un \u00e9v\u00e9nement d\u00e9di\u00e9 aux femmes et aux f\u00e9ministes Le SM Montrouge Tennis de Table organise une journ\u00e9e enti\u00e8rement d\u00e9di\u00e9e aux femmes. Cet&hellip; <br> <a class=\"button small blue\" href=\"https:\/\/www.smmontrougett.fr\/index.php\/2026\/01\/19\/montrouge-women-pings-day-2026\/\">Lire la suite<\/a><\/div><\/li>\n<li><a class=\"wp-block-latest-posts__post-title\" href=\"https:\/\/www.smmontrougett.fr\/index.php\/2026\/01\/15\/stage-pour-les-vacances-scolaire-15-19-avril-2024\/\">Stage pour les vacances d&rsquo;hiver du 23 au 27 f\u00e9vrier 2026<\/a><div class=\"wp-block-latest-posts__post-author\">par Tien<\/div><time datetime=\"2026-01-15T08:26:16+01:00\" class=\"wp-block-latest-posts__post-date\">15 janvier 2026<\/time><div class=\"wp-block-latest-posts__post-excerpt\">Chers parents, La section tennis de table de Montrouge organise un stage pour les jeunes (- de 18 ans)&nbsp; durant les vacances d&rsquo;hiver, celui-ci se d\u00e9roulera du lundi 23 f\u00e9vrier au vendredi 27 f\u00e9vrier inclus dans notre salle situ\u00e9e au 107 avenue Aristide Briand \u00e0 Montrouge. Les horaires seront tous les jours de 10h00 \u00e0&hellip; <br> <a class=\"button small blue\" href=\"https:\/\/www.smmontrougett.fr\/index.php\/2026\/01\/15\/stage-pour-les-vacances-scolaire-15-19-avril-2024\/\">Lire la suite<\/a><\/div><\/li>\n<li><a class=\"wp-block-latest-posts__post-title\" href=\"https:\/\/www.smmontrougett.fr\/index.php\/2025\/12\/22\/calendrier-sportif-2025-2026-du-cdtt-92\/\">Calendrier sportif 2025-2026 du CDTT 92<\/a><div class=\"wp-block-latest-posts__post-author\">par Thierry Robin<\/div><time datetime=\"2025-12-22T16:05:05+01:00\" class=\"wp-block-latest-posts__post-date\">22 d\u00e9cembre 2025<\/time><div class=\"wp-block-latest-posts__post-excerpt\"><\/div><\/li>\n<li><a class=\"wp-block-latest-posts__post-title\" href=\"https:\/\/www.smmontrougett.fr\/index.php\/2025\/12\/22\/championnat-par-equipe-phase-1\/\">Championnat par \u00e9quipe &#8211; Phase 1<\/a><div class=\"wp-block-latest-posts__post-author\">par Thierry Robin<\/div><time datetime=\"2025-12-22T15:59:13+01:00\" class=\"wp-block-latest-posts__post-date\">22 d\u00e9cembre 2025<\/time><div class=\"wp-block-latest-posts__post-excerpt\">Veuillez trouver ci-dessous le calendrier de nos \u00e9quipes (D1, D2 et D3)<\/div><\/li>\n<li><a class=\"wp-block-latest-posts__post-title\" href=\"https:\/\/www.smmontrougett.fr\/index.php\/2025\/12\/22\/championnat-par-equipe-2eme-phase\/\">Championnat par \u00e9quipe &#8211; phase 2<\/a><div class=\"wp-block-latest-posts__post-author\">par Thierry Robin<\/div><time datetime=\"2025-12-22T14:24:16+01:00\" class=\"wp-block-latest-posts__post-date\">22 d\u00e9cembre 2025<\/time><div class=\"wp-block-latest-posts__post-excerpt\">Veuillez trouver ci-dessous le calendrier des rencontres de nos diff\u00e9rentes \u00e9quipes ( D1, D2, D3) Actuellement en attente du calendrier<\/div><\/li>\n<li><a class=\"wp-block-latest-posts__post-title\" href=\"https:\/\/www.smmontrougett.fr\/index.php\/2025\/12\/22\/championnat-de-paris-saison-2025-2026\/\">Championnat de Paris &#8211; saison 2025 &#8211; 2026<\/a><div class=\"wp-block-latest-posts__post-author\">par Thierry Robin<\/div><time datetime=\"2025-12-22T13:55:23+01:00\" class=\"wp-block-latest-posts__post-date\">22 d\u00e9cembre 2025<\/time><div class=\"wp-block-latest-posts__post-excerpt\">Veuillez trouver ci-dessous les diff\u00e9rentes poules de la division d&rsquo;honneur et de la division 2 o\u00f9 nos \u00e9quipes sont engag\u00e9es Division Honneur Division 2<\/div><\/li>\n<li><a class=\"wp-block-latest-posts__post-title\" href=\"https:\/\/www.smmontrougett.fr\/index.php\/2025\/12\/05\/horaires-vacances-fin-dannee-2025\/\">Horaires vacances fin d\u2019ann\u00e9e 2025<\/a><div class=\"wp-block-latest-posts__post-author\">par Tien<\/div><time datetime=\"2025-12-05T11:21:04+01:00\" class=\"wp-block-latest-posts__post-date\">5 d\u00e9cembre 2025<\/time><div class=\"wp-block-latest-posts__post-excerpt\">Horaires valid\u00e9s pour les vacances de fin d\u2019ann\u00e9e<\/div><\/li>\n<li><a class=\"wp-block-latest-posts__post-title\" href=\"https:\/\/www.smmontrougett.fr\/index.php\/2025\/10\/24\/creneaux-toussaint-2025\/\">Cr\u00e9neaux Toussaint 2025<\/a><div class=\"wp-block-latest-posts__post-author\">par Tien<\/div><time datetime=\"2025-10-24T09:59:01+02:00\" class=\"wp-block-latest-posts__post-date\">24 octobre 2025<\/time><div class=\"wp-block-latest-posts__post-excerpt\">Bonsoir \u00e0 toutes et \u00e0 tous, Bonne nouvelle, la mairie de Montrouge a valid\u00e9 notre demande d\u2019utilisation de la salle pour les vacances de la Toussaint \ud83c\udf89Nous avons obtenu une autorisation pour la premi\u00e8re semaine compl\u00e8te, avec une fermeture \u00e0 22h (au lieu de 21h pr\u00e9c\u00e9demment). Cr\u00e9neaux accord\u00e9s : Malheureusement, la demande pour le stage&hellip; <br> <a class=\"button small blue\" href=\"https:\/\/www.smmontrougett.fr\/index.php\/2025\/10\/24\/creneaux-toussaint-2025\/\">Lire la suite<\/a><\/div><\/li>\n<\/ul>\n\n\n<div class=\"wp-block-nextend-smartslider3\"><\/div>\n<\/div>\n<\/div>\n\n\n\n<p class=\"has-drop-cap has-text-color\" style=\"color:#5a129d\">Notre section<\/p>\n\n\n\n<p>La section tennis de table du Stade Multisports de Montrouge vous souhaite la bienvenue sur son site \u00ab\u00a0smmontrougett.fr\u00a0\u00bb qui vous permettra de mieux nous connaitre et de d\u00e9couvrir nos r\u00e9sultats sportifs aussi bien par \u00e9quipes qu&rsquo;individuels. Mais ce site est aussi le votre alors si vous avez des suggestions elles sont les bienvenues.<br>Ce site a pour objectif de vous pr\u00e9senter\u00a0notre\u00a0section sportive de tennis de Table du\u00a0Stade Multisports de Montrouge\u00a0Vous y d\u00e9couvrirez la pr\u00e9sentation et l&rsquo;actualit\u00e9 de notre association. Vous pourrez obtenir plus d&rsquo;informations sur nous et <a href=\"mailto:tien.montrougett@gmail.com\" data-type=\"mailto\" target=\"_blank\" rel=\"noreferrer noopener\">nous contacter<\/a>.<br>Vous pouvez parcourir le site SM Montrouge TT \u00e0 l&rsquo;aide des liens de navigations dans le menu.<br>Nous vous souhaitons une bonne visite sur SM Montrouge TT et nous esp\u00e9rons que vous trouverez les informations que vous cherchez.<br>pour la prochaine saison 2025 \/ 2026.<\/p>\n\n\n\n<p><\/p>\n","protected":false},"excerpt":{"rendered":"<p>Notre section La section tennis de table du Stade Multisports de Montrouge vous souhaite la bienvenue sur son site \u00ab\u00a0smmontrougett.fr\u00a0\u00bb qui vous permettra de mieux nous connaitre et de d\u00e9couvrir&hellip; <br \/> <a class=\"button small blue\" href=\"https:\/\/www.smmontrougett.fr\/\">Lire la suite<\/a><\/p>\n","protected":false},"author":1,"featured_media":5975,"parent":0,"menu_order":0,"comment_status":"closed","ping_status":"closed","template":"","meta":{"_EventAllDay":false,"_EventTimezone":"","_EventStartDate":"","_EventEndDate":"","_EventStartDateUTC":"","_EventEndDateUTC":"","_EventShowMap":false,"_EventShowMapLink":false,"_EventURL":"","_EventCost":"","_EventCostDescription":"","_EventCurrencySymbol":"","_EventCurrencyCode":"","_EventCurrencyPosition":"","_EventDateTimeSeparator":"","_EventTimeRangeSeparator":"","_EventOrganizerID":[],"_EventVenueID":[],"_OrganizerEmail":"","_OrganizerPhone":"","_OrganizerWebsite":"","_VenueAddress":"","_VenueCity":"","_VenueCountry":"","_VenueProvince":"","_VenueState":"","_VenueZip":"","_VenuePhone":"","_VenueURL":"","_VenueStateProvince":"","_VenueLat":"","_VenueLng":"","_VenueShowMap":false,"_VenueShowMapLink":false,"footnotes":""},"class_list":["post-13","page","type-page","status-publish","has-post-thumbnail","hentry"],"jetpack_sharing_enabled":true,"_links":{"self":[{"href":"https:\/\/www.smmontrougett.fr\/index.php\/wp-json\/wp\/v2\/pages\/13","targetHints":{"allow":["GET"]}}],"collection":[{"href":"https:\/\/www.smmontrougett.fr\/index.php\/wp-json\/wp\/v2\/pages"}],"about":[{"href":"https:\/\/www.smmontrougett.fr\/index.php\/wp-json\/wp\/v2\/types\/page"}],"author":[{"embeddable":true,"href":"https:\/\/www.smmontrougett.fr\/index.php\/wp-json\/wp\/v2\/users\/1"}],"replies":[{"embeddable":true,"href":"https:\/\/www.smmontrougett.fr\/index.php\/wp-json\/wp\/v2\/comments?post=13"}],"version-history":[{"count":209,"href":"https:\/\/www.smmontrougett.fr\/index.php\/wp-json\/wp\/v2\/pages\/13\/revisions"}],"predecessor-version":[{"id":17037,"href":"https:\/\/www.smmontrougett.fr\/index.php\/wp-json\/wp\/v2\/pages\/13\/revisions\/17037"}],"wp:featuredmedia":[{"embeddable":true,"href":"https:\/\/www.smmontrougett.fr\/index.php\/wp-json\/wp\/v2\/media\/5975"}],"wp:attachment":[{"href":"https:\/\/www.smmontrougett.fr\/index.php\/wp-json\/wp\/v2\/media?parent=13"}],"curies":[{"name":"wp","href":"https:\/\/api.w.org\/{rel}","templated":true}]}}